{"id":240,"date":"2023-06-27T19:05:49","date_gmt":"2023-06-27T17:05:49","guid":{"rendered":"https:\/\/www.hannalorincz.com\/?page_id=240"},"modified":"2024-01-22T12:46:15","modified_gmt":"2024-01-22T11:46:15","slug":"kapcsolat","status":"publish","type":"page","link":"https:\/\/www.hannalorincz.com\/index.php\/kapcsolat\/","title":{"rendered":"Kapcsolat"},"content":{"rendered":"<style>.kb-row-layout-id240_9b446b-f7 > .kt-row-column-wrap{align-content:start;}:where(.kb-row-layout-id240_9b446b-f7 > .kt-row-column-wrap) > .wp-block-kadence-column{justify-content:start;}.kb-row-layout-id240_9b446b-f7 > .kt-row-column-wrap{column-gap:var(--global-kb-gap-none, 0rem );row-gap:var(--global-kb-gap-md, 2rem);padding-top:0px;padding-bottom:0px;min-height:903px;grid-template-columns:minmax(0, 1fr);}.kb-row-layout-id240_9b446b-f7 > .kt-row-layout-overlay{opacity:0.30;}@media all and (max-width: 1024px){.kb-row-layout-id240_9b446b-f7 > .kt-row-column-wrap{grid-template-columns:minmax(0, 1fr);}}@media all and (max-width: 767px){.kb-row-layout-id240_9b446b-f7 > .kt-row-column-wrap{grid-template-columns:minmax(0, 1fr);}}<\/style><div class=\"kb-row-layout-wrap kb-row-layout-id240_9b446b-f7 alignnone wp-block-kadence-rowlayout\"><div class=\"kt-row-column-wrap kt-has-1-columns kt-row-layout-equal kt-tab-layout-inherit kt-mobile-layout-row kt-row-valign-top\">\n<style>.kadence-column240_7ec4ef-3c > .kt-inside-inner-col{display:flex;}.kadence-column240_7ec4ef-3c > .kt-inside-inner-col{min-height:800px;}.kadence-column240_7ec4ef-3c > .kt-inside-inner-col,.kadence-column240_7ec4ef-3c > .kt-inside-inner-col:before{border-top-left-radius:0px;border-top-right-radius:0px;border-bottom-right-radius:0px;border-bottom-left-radius:0px;}.kadence-column240_7ec4ef-3c > .kt-inside-inner-col{column-gap:var(--global-kb-gap-sm, 1rem);}.kadence-column240_7ec4ef-3c > .kt-inside-inner-col{flex-direction:column;justify-content:center;}.kadence-column240_7ec4ef-3c > .kt-inside-inner-col > .aligncenter{width:100%;}.kt-row-column-wrap > .kadence-column240_7ec4ef-3c{align-self:center;}.kt-inner-column-height-full:not(.kt-has-1-columns) > .wp-block-kadence-column.kadence-column240_7ec4ef-3c{align-self:auto;}.kt-inner-column-height-full:not(.kt-has-1-columns) > .wp-block-kadence-column.kadence-column240_7ec4ef-3c > .kt-inside-inner-col{flex-direction:column;justify-content:center;}.kadence-column240_7ec4ef-3c > .kt-inside-inner-col{background-color:rgba(101, 163, 187, 0.56);background-image:url('https:\/\/www.hannalorincz.com\/wp-content\/uploads\/2023\/08\/Lorincz-Hanna-contact_fej.jpg');background-size:cover;background-position:42% 31%;background-attachment:scroll;background-repeat:no-repeat;}.kadence-column240_7ec4ef-3c > .kt-inside-inner-col:before{opacity:0.3;}.kadence-column240_7ec4ef-3c{position:relative;}@media all and (max-width: 1024px){.kadence-column240_7ec4ef-3c > .kt-inside-inner-col{flex-direction:column;}}@media all and (max-width: 767px){.kadence-column240_7ec4ef-3c > .kt-inside-inner-col{flex-direction:column;}}<\/style>\n<div class=\"wp-block-kadence-column kadence-column240_7ec4ef-3c\"><div class=\"kt-inside-inner-col\"><style>.wp-block-kadence-advancedheading.kt-adv-heading240_9b6d2f-c6, .wp-block-kadence-advancedheading.kt-adv-heading240_9b6d2f-c6[data-kb-block=\"kb-adv-heading240_9b6d2f-c6\"]{padding-top:var(--global-kb-spacing-lg, 3rem);padding-right:var(--global-kb-spacing-lg, 3rem);padding-bottom:var(--global-kb-spacing-lg, 3rem);padding-left:var(--global-kb-spacing-lg, 3rem);text-align:center;font-size:var(--global-kb-font-size-md, 1.25rem);font-weight:800;font-style:normal;}.wp-block-kadence-advancedheading.kt-adv-heading240_9b6d2f-c6 mark, .wp-block-kadence-advancedheading.kt-adv-heading240_9b6d2f-c6[data-kb-block=\"kb-adv-heading240_9b6d2f-c6\"] mark{font-style:normal;color:#f76a0c;padding-top:0px;padding-right:0px;padding-bottom:0px;padding-left:0px;}<\/style>\n<h2 class=\"kt-adv-heading240_9b6d2f-c6 wp-block-kadence-advancedheading has-theme-palette-9-color has-text-color\" data-kb-block=\"kb-adv-heading240_9b6d2f-c6\">Ha szeretn\u00e9l sz\u0151nyeget, lak\u00e1stextilt rendelni, vagy<br>saj\u00e1t elk\u00e9pzel\u00e9sedet szeretn\u00e9d megval\u00f3s\u00edtani a lak\u00e1stextilek ter\u00fclet\u00e9n<br>l\u00e9pj velem kapcsolatba!<br>  <\/h2>\n\n\n<style>.kadence-column240_9aba7b-1f{max-width:625px;margin-left:auto;margin-right:auto;}.wp-block-kadence-column.kb-section-dir-horizontal:not(.kb-section-md-dir-vertical)>.kt-inside-inner-col>.kadence-column240_9aba7b-1f{-webkit-flex:0 1 625px;flex:0 1 625px;max-width:unset;margin-left:unset;margin-right:unset;}.kadence-column240_9aba7b-1f > .kt-inside-inner-col,.kadence-column240_9aba7b-1f > .kt-inside-inner-col:before{border-top-left-radius:0px;border-top-right-radius:0px;border-bottom-right-radius:0px;border-bottom-left-radius:0px;}.kadence-column240_9aba7b-1f > .kt-inside-inner-col{column-gap:var(--global-kb-gap-sm, 1rem);}.kadence-column240_9aba7b-1f > .kt-inside-inner-col{flex-direction:column;}.kadence-column240_9aba7b-1f > .kt-inside-inner-col > .aligncenter{width:100%;}.kadence-column240_9aba7b-1f > .kt-inside-inner-col:before{opacity:0.3;}.kadence-column240_9aba7b-1f{position:relative;}@media all and (min-width: 1025px){.wp-block-kadence-column.kb-section-dir-horizontal>.kt-inside-inner-col>.kadence-column240_9aba7b-1f{-webkit-flex:0 1 625px;flex:0 1 625px;max-width:unset;margin-left:unset;margin-right:unset;}}@media all and (max-width: 1024px){.kadence-column240_9aba7b-1f > .kt-inside-inner-col{flex-direction:column;}}@media all and (max-width: 767px){.wp-block-kadence-column.kb-section-sm-dir-vertical:not(.kb-section-sm-dir-horizontal):not(.kb-section-sm-dir-specificity)>.kt-inside-inner-col>.kadence-column240_9aba7b-1f{max-width:625px;-webkit-flex:1;flex:1;margin-left:auto;margin-right:auto;}.kadence-column240_9aba7b-1f > .kt-inside-inner-col{flex-direction:column;}}<\/style>\n<div class=\"wp-block-kadence-column kadence-column240_9aba7b-1f\"><div class=\"kt-inside-inner-col\"><style>.kadence-column240_6a3fd8-90 > .kt-inside-inner-col{display:flex;}.kadence-column240_6a3fd8-90, .kt-inside-inner-col > .kadence-column240_6a3fd8-90:not(.specificity){margin-top:var(--global-kb-spacing-sm, 1.5rem);margin-right:var(--global-kb-spacing-sm, 1.5rem);margin-bottom:var(--global-kb-spacing-sm, 1.5rem);margin-left:var(--global-kb-spacing-sm, 1.5rem);}.kadence-column240_6a3fd8-90 > .kt-inside-inner-col{padding-top:20px;padding-right:20px;padding-bottom:20px;padding-left:20px;}.kadence-column240_6a3fd8-90 > .kt-inside-inner-col,.kadence-column240_6a3fd8-90 > .kt-inside-inner-col:before{border-top-left-radius:0px;border-top-right-radius:0px;border-bottom-right-radius:0px;border-bottom-left-radius:0px;}.kadence-column240_6a3fd8-90 > .kt-inside-inner-col{column-gap:var(--global-kb-gap-sm, 1rem);}.kadence-column240_6a3fd8-90 > .kt-inside-inner-col{flex-direction:column;justify-content:center;}.kadence-column240_6a3fd8-90 > .kt-inside-inner-col > .aligncenter{width:100%;}.kt-row-column-wrap > .kadence-column240_6a3fd8-90{align-self:center;}.kt-inner-column-height-full:not(.kt-has-1-columns) > .wp-block-kadence-column.kadence-column240_6a3fd8-90{align-self:auto;}.kt-inner-column-height-full:not(.kt-has-1-columns) > .wp-block-kadence-column.kadence-column240_6a3fd8-90 > .kt-inside-inner-col{flex-direction:column;justify-content:center;}.kadence-column240_6a3fd8-90 > .kt-inside-inner-col:before{opacity:1;background-color:rgba(101,163,187,0.43);}.kadence-column240_6a3fd8-90{position:relative;}@media all and (max-width: 1024px){.kadence-column240_6a3fd8-90 > .kt-inside-inner-col{flex-direction:column;}}@media all and (max-width: 767px){.kadence-column240_6a3fd8-90 > .kt-inside-inner-col{flex-direction:column;}}<\/style>\n<div class=\"wp-block-kadence-column kadence-column240_6a3fd8-90 kb-section-has-overlay kadence-column_767c64-6b\"><div class=\"kt-inside-inner-col\"><style>.kadence-form-240_b1cdbf-4d .kb-form .kadence-blocks-form-field .kb-text-style-field, .kadence-form-240_b1cdbf-4d .kb-form .kadence-blocks-form-field .kb-select-style-field{color:var(--global-palette3, #1A202C);border-width:0px 0px 0px 0px;box-shadow:1px 1px 2px 0px var(--global-palette8, #F7FAFC);}.kadence-form-240_b1cdbf-4d .kb-form .kadence-blocks-form-field .kb-text-style-field:focus, .kadence-form-240_b1cdbf-4d .kb-form .kadence-blocks-form-field .kb-select-style-field:focus{color:var(--global-palette4, #2D3748);}.kadence-form-240_b1cdbf-4d .kb-form .kadence-blocks-form-field .kb-forms-submit{color:var(--global-palette3, #1A202C);background:var(--global-palette9, #ffffff);}.kadence-form-240_b1cdbf-4d .kadence-blocks-form-warning{color:var(--global-palette3, #1A202C);}<\/style>\n<div class=\"wp-block-kadence-form kadence-form-240_b1cdbf-4d kb-form-wrap\"><form class=\"kb-form\" action=\"\" method=\"post\" data-error-message=\"Egy vagy t\u00f6bb mez\u0151 hib\u00e1t tartalmaz, az ellen\u0151rz\u00e9st \u00e9s jav\u00edt\u00e1st k\u00f6vet\u0151en a k\u00fcld\u00e9st ism\u00e9telje meg!\"><div class=\"kadence-blocks-form-field kb-field-desk-width-100 kb-input-size-standard\"><input name=\"kb_field_0\" id=\"kb_field_240_b1cdbf-4d_0\" data-label=\"Name\" type=\"text\" placeholder=\"N\u00e9v\" value=\"\" data-type=\"text\" class=\"kb-field kb-text-style-field kb-text-field kb-field-0\"\/><\/div><div class=\"kadence-blocks-form-field kb-form-field-1 kb-field-desk-width-100 kb-input-size-standard\"><input name=\"kb_field_1\" id=\"kb_field_240_b1cdbf-4d_1\" data-label=\"Email\" type=\"email\" placeholder=\"Email\" value=\"\" data-type=\"email\" class=\"kb-field kb-text-style-field kb-email-field kb-field-1\" data-required=\"yes\"\/><\/div><div class=\"kadence-blocks-form-field kb-form-field-2 kb-field-desk-width-100 kb-input-size-standard\"><input name=\"kb_field_2\" id=\"kb_field_240_b1cdbf-4d_2\" data-label=\"Subject\" type=\"text\" placeholder=\"T\u00e1rgy\" value=\"\" data-type=\"text\" class=\"kb-field kb-text-style-field kb-text-field kb-field-2\" data-required=\"yes\"\/><\/div><div class=\"kadence-blocks-form-field kb-form-field-3 kb-field-desk-width-100 kb-input-size-standard\"><textarea name=\"kb_field_3\" id=\"kb_field_240_b1cdbf-4d_3\" data-label=\"Message\" type=\"textarea\" placeholder=\"\u00dczenet\" data-type=\"textarea\" class=\"kb-field kb-text-style-field kb-textarea-field kb-field-3\" rows=\"3\" data-required=\"yes\"><\/textarea><\/div><input type=\"hidden\" name=\"_kb_form_id\" value=\"240_b1cdbf-4d\"\/><input type=\"hidden\" name=\"_kb_form_post_id\" value=\"240\"\/><input type=\"hidden\" name=\"action\" value=\"kb_process_ajax_submit\"\/><input class=\"kadence-blocks-field verify\" type=\"text\" name=\"_kb_verify_email\" autocomplete=\"new-password\" aria-hidden=\"true\" placeholder=\"Email\" tabindex=\"-1\" data-1p-ignore=\"true\" data-lpignore=\"true\" \/><div class=\"kadence-blocks-form-field kb-submit-field kb-field-desk-width-100\"><button class=\"kb-forms-submit button kb-button-size-standard kb-button-width-auto\">K\u00fcld\u00e9s<\/button><\/div><\/form><\/div>\n<noscript><div class=\"kadence-blocks-form-message kadence-blocks-form-warning\">Please enable JavaScript in your browser to submit the form<\/div><style>.kadence-form-240_b1cdbf-4d .kadence-blocks-form-field.kb-submit-field { display: none; }<\/style><\/noscript><\/div><\/div>\n<\/div><\/div>\n<\/div><\/div>\n\n<\/div><\/div>","protected":false},"excerpt":{"rendered":"<p>Ha szeretn\u00e9l sz\u0151nyeget, lak\u00e1stextilt rendelni, vagysaj\u00e1t elk\u00e9pzel\u00e9sedet szeretn\u00e9d megval\u00f3s\u00edtani a lak\u00e1stextilek ter\u00fclet\u00e9nl\u00e9pj velem kapcsolatba!<\/p>\n","protected":false},"author":1,"featured_media":0,"parent":0,"menu_order":0,"comment_status":"closed","ping_status":"closed","template":"","meta":{"_kad_post_transparent":"enable","_kad_post_title":"hide","_kad_post_layout":"fullwidth","_kad_post_sidebar_id":"","_kad_post_content_style":"unboxed","_kad_post_vertical_padding":"hide","_kad_post_feature":"hide","_kad_post_feature_position":"","_kad_post_header":false,"_kad_post_footer":false,"footnotes":""},"aioseo_notices":[],"_links":{"self":[{"href":"https:\/\/www.hannalorincz.com\/index.php\/wp-json\/wp\/v2\/pages\/240"}],"collection":[{"href":"https:\/\/www.hannalorincz.com\/index.php\/wp-json\/wp\/v2\/pages"}],"about":[{"href":"https:\/\/www.hannalorincz.com\/index.php\/wp-json\/wp\/v2\/types\/page"}],"author":[{"embeddable":true,"href":"https:\/\/www.hannalorincz.com\/index.php\/wp-json\/wp\/v2\/users\/1"}],"replies":[{"embeddable":true,"href":"https:\/\/www.hannalorincz.com\/index.php\/wp-json\/wp\/v2\/comments?post=240"}],"version-history":[{"count":48,"href":"https:\/\/www.hannalorincz.com\/index.php\/wp-json\/wp\/v2\/pages\/240\/revisions"}],"predecessor-version":[{"id":653,"href":"https:\/\/www.hannalorincz.com\/index.php\/wp-json\/wp\/v2\/pages\/240\/revisions\/653"}],"wp:attachment":[{"href":"https:\/\/www.hannalorincz.com\/index.php\/wp-json\/wp\/v2\/media?parent=240"}],"curies":[{"name":"wp","href":"https:\/\/api.w.org\/{rel}","templated":true}]}}